{"id":2207,"date":"2026-04-22T20:31:18","date_gmt":"2026-04-23T00:31:18","guid":{"rendered":"https:\/\/www.chayfans.org\/blog\/?page_id=2207"},"modified":"2026-04-22T20:31:19","modified_gmt":"2026-04-23T00:31:19","slug":"mailing-list","status":"publish","type":"page","link":"https:\/\/www.chayfans.org\/blog\/mailing-list\/","title":{"rendered":"Lista de Correo"},"content":{"rendered":"\n<p><strong>\u00danete a la lista de correo de Chayfans.org y no te pierdas ni un solo detalle del universo de Chayanne.<\/strong> Desde actualizaciones sobre giras hasta nuevos lanzamientos musicales, nuestro bolet\u00edn te mantiene conectado con el coraz\u00f3n del fandom. Es la forma m\u00e1s sencilla de mantenerte informado, celebrar la m\u00fasica que amas y formar parte de una apasionada comunidad global que lleva d\u00e9cadas bailando junta. Reg\u00edstrate y aseg\u00farate de estar siempre en primera fila de toda la emoci\u00f3n.<\/p>\n\n\n\n<p><a href=\"https:\/\/follow.it\/chayanne-news-noticias-de-chayanne\">Haz clic para suscribirte<\/a>.<\/p>\n\n\n\n<style>\n.followit--follow-form-container[attr-a][attr-b][attr-c][attr-d][attr-e][attr-f] .form-preview {\n  display: flex !important;\n  flex-direction: column !important;\n  justify-content: center !important;\n  margin-top: 30px !important;\n  padding: clamp(17px, 5%, 40px) clamp(17px, 7%, 50px) !important;\n  max-width: none !important;\n  border-radius: 6px !important;\n  box-shadow: 0 5px 25px rgba(34, 60, 47, 0.25) !important;\n}\n.followit--follow-form-container[attr-a][attr-b][attr-c][attr-d][attr-e][attr-f] .form-preview,\n.followit--follow-form-container[attr-a][attr-b][attr-c][attr-d][attr-e][attr-f] .form-preview *{\n  box-sizing: border-box !important;\n}\n.followit--follow-form-container[attr-a][attr-b][attr-c][attr-d][attr-e][attr-f] .form-preview .preview-heading {\n  width: 100% !important;\n}\n.followit--follow-form-container[attr-a][attr-b][attr-c][attr-d][attr-e][attr-f] .form-preview .preview-heading h5{\n  margin-top: 0 !important;\n  margin-bottom: 0 !important;\n}\n.followit--follow-form-container[attr-a][attr-b][attr-c][attr-d][attr-e][attr-f] .form-preview .preview-input-field {\n  margin-top: 20px !important;\n  width: 100% !important;\n}\n.followit--follow-form-container[attr-a][attr-b][attr-c][attr-d][attr-e][attr-f] .form-preview .preview-input-field input {\n  width: 100% !important;\n  height: 40px !important;\n  border-radius: 6px !important;\n  border: 2px solid #e9e8e8 !important;\n  background-color: #fff !important;\n  outline: none !important;\n}\n.followit--follow-form-container[attr-a][attr-b][attr-c][attr-d][attr-e][attr-f] .form-preview .preview-input-field input {\n  color: #000000 !important;\n  font-family: \"Montserrat\" !important;\n  font-size: 14px !important;\n  font-weight: 400 !important;\n  line-height: 20px !important;\n  text-align: center !important;\n}\n.followit--follow-form-container[attr-a][attr-b][attr-c][attr-d][attr-e][attr-f] .form-preview .preview-input-field input::placeholder {\n  color: #000000 !important;\n  opacity: 1 !important;\n}\n\n.followit--follow-form-container[attr-a][attr-b][attr-c][attr-d][attr-e][attr-f] .form-preview .preview-input-field input:-ms-input-placeholder {\n  color: #000000 !important;\n}\n\n.followit--follow-form-container[attr-a][attr-b][attr-c][attr-d][attr-e][attr-f] .form-preview .preview-input-field input::-ms-input-placeholder {\n  color: #000000 !important;\n}\n.followit--follow-form-container[attr-a][attr-b][attr-c][attr-d][attr-e][attr-f] .form-preview .preview-submit-button {\n  margin-top: 10px !important;\n  width: 100% !important;\n}\n.followit--follow-form-container[attr-a][attr-b][attr-c][attr-d][attr-e][attr-f] .form-preview .preview-submit-button button {\n  width: 100% !important;\n  height: 40px !important;\n  border: 0 !important;\n  border-radius: 6px !important;\n  line-height: 0px !important;\n}\n.followit--follow-form-container[attr-a][attr-b][attr-c][attr-d][attr-e][attr-f] .form-preview .preview-submit-button button:hover {\n  cursor: pointer !important;\n}\n.followit--follow-form-container[attr-a][attr-b][attr-c][attr-d][attr-e][attr-f] .powered-by-line {\n  color: #231f20 !important;\n  font-family: \"Montserrat\" !important;\n  font-size: 13px !important;\n  font-weight: 400 !important;\n  line-height: 25px !important;\n  text-align: center !important;\n  text-decoration: none !important;\n  display: flex !important;\n  width: 100% !important;\n  justify-content: center !important;\n  align-items: center !important;\n  margin-top: 10px !important;\n}\n.followit--follow-form-container[attr-a][attr-b][attr-c][attr-d][attr-e][attr-f] .powered-by-line img {\n  margin-left: 10px !important;\n  height: 1.13em !important;\n  max-height: 1.13em !important;\n}\n<\/style>\n      <div class=\"followit--follow-form-container\" attr-a attr-b attr-c attr-d attr-e attr-f>\n        <form data-v-1bbcb9ec=\"\" action=\"https:\/\/api.follow.it\/subscription-form\/R0QvRy9GbThXNmI3cnBENnFnVFRGUTYxUkMxZk9tNXQrRUZZQVU0YVNnRmdBTExMSGZ1MURYL3pHNWZhcHpSZHY0ZTljaDRQWnFoWERzN3JGQnJmYVRhck9MT3hBSGlrR2oybE9wWkp2czJIMW9QR2w3aVRON2FWQ1NKbGlCTit8WnJRNlFKcVkyaTQySzdnbEpXZzhMNVVnYW50OUVPVkZYdXA5NlJHQXpLaz0=\/8\" method=\"post\">\n          <div data-v-1bbcb9ec=\"\" class=\"form-preview\" style=\"background-color: rgb(255, 255, 255); position: relative;\">\n            <div data-v-1bbcb9ec=\"\" class=\"preview-heading\">\n              <h5 data-v-1bbcb9ec=\"\" style=\"text-transform: none !important; font-family: Arial; font-weight: bold; color: rgb(0, 0, 0); font-size: 16px; text-align: center;\"> \n                Get new posts by email: <\/h5>\n            <\/div>\n            <div data-v-1bbcb9ec=\"\" class=\"preview-input-field\">\n              <input data-v-1bbcb9ec=\"\" type=\"email\" name=\"email\" required=\"required\" placeholder=\"\" spellcheck=\"false\" style=\"text-transform: none !important; font-family: Arial; font-weight: normal; color: rgb(0, 0, 0); font-size: 14px; text-align: center; background-color: rgb(255, 255, 255);\">\n            <\/div>\n            <div data-v-1bbcb9ec=\"\" class=\"preview-submit-button\"><button data-v-1bbcb9ec=\"\" type=\"submit\" style=\"text-transform: none !important; font-family: Arial; font-weight: bold; color: rgb(255, 255, 255); font-size: 16px; text-align: center; background-color: rgb(0, 0, 0);\"> \n              Subscribe <\/button><\/div>\n          <\/div>\n        <\/form>\n        <a href=\"https:\/\/follow.it\" class=\"powered-by-line\">Powered by <img decoding=\"async\" src=\"https:\/\/follow.it\/static\/img\/colored-logo.svg\" alt=\"follow.it\" height=\"17px\"\/><\/a><\/div>\n\n\n\n<h2 class=\"wp-block-heading\">Mailing List<\/h2>\n\n\n\n<p><strong>Join the Chayfans.org mailing list and never miss a beat of the Chayanne universe.<\/strong> From tour updates to music releases, our newsletter keeps you connected to the heart of the fandom. It\u2019s the easiest way to stay informed, celebrate the music you love, and be part of a passionate global community that\u2019s been dancing together for decades. Sign up and make sure you\u2019re always in the front row of the excitement.<\/p>\n\n\n\n<p><a href=\"https:\/\/follow.it\/chayanne-news-noticias-de-chayanne\">Click to subscribe<\/a>.<\/p>\n","protected":false},"excerpt":{"rendered":"<p>\u00danete a la lista de correo de Chayfans.org y no te pierdas ni un solo detalle del universo de Chayanne. Desde actualizaciones sobre giras hasta nuevos lanzamientos musicales, nuestro bolet\u00edn te mantiene conectado con el coraz\u00f3n del fandom. Es la forma m\u00e1s sencilla de mantenerte informado, celebrar la m\u00fasica que amas y formar parte de [&hellip;]<\/p>\n","protected":false},"author":2,"featured_media":0,"parent":0,"menu_order":0,"comment_status":"closed","ping_status":"closed","template":"","meta":{"footnotes":""},"class_list":["post-2207","page","type-page","status-publish","hentry"],"yoast_head":"<!-- This site is optimized with the Yoast SEO plugin v27.4 - https:\/\/yoast.com\/product\/yoast-seo-wordpress\/ -->\n<title>Lista de Correo - Chayanne News - Noticias de Chayanne<\/title>\n<meta name=\"description\" content=\"\u00danete a la lista de correo de Chayfans.org y no te pierdas ni un solo detalle del universo de Chayanne. Join the Chayfans.org mailing list and never miss a beat of the Chayanne universe.\" \/>\n<meta name=\"robots\" content=\"index, follow, max-snippet:-1, max-image-preview:large, max-video-preview:-1\" \/>\n<link rel=\"canonical\" href=\"https:\/\/www.chayfans.org\/blog\/mailing-list\/\" \/>\n<meta property=\"og:locale\" content=\"en_US\" \/>\n<meta property=\"og:type\" content=\"article\" \/>\n<meta property=\"og:title\" content=\"Lista de Correo - Chayanne News - Noticias de Chayanne\" \/>\n<meta property=\"og:description\" content=\"\u00danete a la lista de correo de Chayfans.org y no te pierdas ni un solo detalle del universo de Chayanne. Join the Chayfans.org mailing list and never miss a beat of the Chayanne universe.\" \/>\n<meta property=\"og:url\" content=\"https:\/\/www.chayfans.org\/blog\/mailing-list\/\" \/>\n<meta property=\"og:site_name\" content=\"Chayanne News - Noticias de Chayanne\" \/>\n<meta property=\"article:publisher\" content=\"https:\/\/www.facebook.com\/chayfans\" \/>\n<meta property=\"article:modified_time\" content=\"2026-04-23T00:31:19+00:00\" \/>\n<meta property=\"og:image\" content=\"https:\/\/follow.it\/static\/img\/colored-logo.svg\" \/>\n<meta name=\"twitter:card\" content=\"summary_large_image\" \/>\n<meta name=\"twitter:site\" content=\"@chayfansorg\" \/>\n<meta name=\"twitter:label1\" content=\"Est. reading time\" \/>\n\t<meta name=\"twitter:data1\" content=\"1 minute\" \/>\n<script type=\"application\/ld+json\" class=\"yoast-schema-graph\">{\"@context\":\"https:\\\/\\\/schema.org\",\"@graph\":[{\"@type\":\"WebPage\",\"@id\":\"https:\\\/\\\/www.chayfans.org\\\/blog\\\/mailing-list\\\/\",\"url\":\"https:\\\/\\\/www.chayfans.org\\\/blog\\\/mailing-list\\\/\",\"name\":\"Lista de Correo - Chayanne News - Noticias de Chayanne\",\"isPartOf\":{\"@id\":\"https:\\\/\\\/www.chayfans.org\\\/blog\\\/#website\"},\"primaryImageOfPage\":{\"@id\":\"https:\\\/\\\/www.chayfans.org\\\/blog\\\/mailing-list\\\/#primaryimage\"},\"image\":{\"@id\":\"https:\\\/\\\/www.chayfans.org\\\/blog\\\/mailing-list\\\/#primaryimage\"},\"thumbnailUrl\":\"https:\\\/\\\/follow.it\\\/static\\\/img\\\/colored-logo.svg\",\"datePublished\":\"2026-04-23T00:31:18+00:00\",\"dateModified\":\"2026-04-23T00:31:19+00:00\",\"description\":\"\u00danete a la lista de correo de Chayfans.org y no te pierdas ni un solo detalle del universo de Chayanne. Join the Chayfans.org mailing list and never miss a beat of the Chayanne universe.\",\"inLanguage\":\"en-US\",\"potentialAction\":[{\"@type\":\"ReadAction\",\"target\":[\"https:\\\/\\\/www.chayfans.org\\\/blog\\\/mailing-list\\\/\"]}]},{\"@type\":\"ImageObject\",\"inLanguage\":\"en-US\",\"@id\":\"https:\\\/\\\/www.chayfans.org\\\/blog\\\/mailing-list\\\/#primaryimage\",\"url\":\"https:\\\/\\\/follow.it\\\/static\\\/img\\\/colored-logo.svg\",\"contentUrl\":\"https:\\\/\\\/follow.it\\\/static\\\/img\\\/colored-logo.svg\"},{\"@type\":\"WebSite\",\"@id\":\"https:\\\/\\\/www.chayfans.org\\\/blog\\\/#website\",\"url\":\"https:\\\/\\\/www.chayfans.org\\\/blog\\\/\",\"name\":\"Chayanne News - Noticias de Chayanne\",\"description\":\"The Chayanne Fans Site - www.chayfans.org\",\"potentialAction\":[{\"@type\":\"SearchAction\",\"target\":{\"@type\":\"EntryPoint\",\"urlTemplate\":\"https:\\\/\\\/www.chayfans.org\\\/blog\\\/?s={search_term_string}\"},\"query-input\":{\"@type\":\"PropertyValueSpecification\",\"valueRequired\":true,\"valueName\":\"search_term_string\"}}],\"inLanguage\":\"en-US\"}]}<\/script>\n<!-- \/ Yoast SEO plugin. -->","yoast_head_json":{"title":"Lista de Correo - Chayanne News - Noticias de Chayanne","description":"\u00danete a la lista de correo de Chayfans.org y no te pierdas ni un solo detalle del universo de Chayanne. Join the Chayfans.org mailing list and never miss a beat of the Chayanne universe.","robots":{"index":"index","follow":"follow","max-snippet":"max-snippet:-1","max-image-preview":"max-image-preview:large","max-video-preview":"max-video-preview:-1"},"canonical":"https:\/\/www.chayfans.org\/blog\/mailing-list\/","og_locale":"en_US","og_type":"article","og_title":"Lista de Correo - Chayanne News - Noticias de Chayanne","og_description":"\u00danete a la lista de correo de Chayfans.org y no te pierdas ni un solo detalle del universo de Chayanne. Join the Chayfans.org mailing list and never miss a beat of the Chayanne universe.","og_url":"https:\/\/www.chayfans.org\/blog\/mailing-list\/","og_site_name":"Chayanne News - Noticias de Chayanne","article_publisher":"https:\/\/www.facebook.com\/chayfans","article_modified_time":"2026-04-23T00:31:19+00:00","og_image":[{"url":"https:\/\/follow.it\/static\/img\/colored-logo.svg","type":"","width":"","height":""}],"twitter_card":"summary_large_image","twitter_site":"@chayfansorg","twitter_misc":{"Est. reading time":"1 minute"},"schema":{"@context":"https:\/\/schema.org","@graph":[{"@type":"WebPage","@id":"https:\/\/www.chayfans.org\/blog\/mailing-list\/","url":"https:\/\/www.chayfans.org\/blog\/mailing-list\/","name":"Lista de Correo - Chayanne News - Noticias de Chayanne","isPartOf":{"@id":"https:\/\/www.chayfans.org\/blog\/#website"},"primaryImageOfPage":{"@id":"https:\/\/www.chayfans.org\/blog\/mailing-list\/#primaryimage"},"image":{"@id":"https:\/\/www.chayfans.org\/blog\/mailing-list\/#primaryimage"},"thumbnailUrl":"https:\/\/follow.it\/static\/img\/colored-logo.svg","datePublished":"2026-04-23T00:31:18+00:00","dateModified":"2026-04-23T00:31:19+00:00","description":"\u00danete a la lista de correo de Chayfans.org y no te pierdas ni un solo detalle del universo de Chayanne. Join the Chayfans.org mailing list and never miss a beat of the Chayanne universe.","inLanguage":"en-US","potentialAction":[{"@type":"ReadAction","target":["https:\/\/www.chayfans.org\/blog\/mailing-list\/"]}]},{"@type":"ImageObject","inLanguage":"en-US","@id":"https:\/\/www.chayfans.org\/blog\/mailing-list\/#primaryimage","url":"https:\/\/follow.it\/static\/img\/colored-logo.svg","contentUrl":"https:\/\/follow.it\/static\/img\/colored-logo.svg"},{"@type":"WebSite","@id":"https:\/\/www.chayfans.org\/blog\/#website","url":"https:\/\/www.chayfans.org\/blog\/","name":"Chayanne News - Noticias de Chayanne","description":"The Chayanne Fans Site - www.chayfans.org","potentialAction":[{"@type":"SearchAction","target":{"@type":"EntryPoint","urlTemplate":"https:\/\/www.chayfans.org\/blog\/?s={search_term_string}"},"query-input":{"@type":"PropertyValueSpecification","valueRequired":true,"valueName":"search_term_string"}}],"inLanguage":"en-US"}]}},"_links":{"self":[{"href":"https:\/\/www.chayfans.org\/blog\/wp-json\/wp\/v2\/pages\/2207","targetHints":{"allow":["GET"]}}],"collection":[{"href":"https:\/\/www.chayfans.org\/blog\/wp-json\/wp\/v2\/pages"}],"about":[{"href":"https:\/\/www.chayfans.org\/blog\/wp-json\/wp\/v2\/types\/page"}],"author":[{"embeddable":true,"href":"https:\/\/www.chayfans.org\/blog\/wp-json\/wp\/v2\/users\/2"}],"replies":[{"embeddable":true,"href":"https:\/\/www.chayfans.org\/blog\/wp-json\/wp\/v2\/comments?post=2207"}],"version-history":[{"count":3,"href":"https:\/\/www.chayfans.org\/blog\/wp-json\/wp\/v2\/pages\/2207\/revisions"}],"predecessor-version":[{"id":2220,"href":"https:\/\/www.chayfans.org\/blog\/wp-json\/wp\/v2\/pages\/2207\/revisions\/2220"}],"wp:attachment":[{"href":"https:\/\/www.chayfans.org\/blog\/wp-json\/wp\/v2\/media?parent=2207"}],"curies":[{"name":"wp","href":"https:\/\/api.w.org\/{rel}","templated":true}]}}